{"id":591,"date":"2020-05-15T14:14:14","date_gmt":"2020-05-15T12:14:14","guid":{"rendered":"https:\/\/chateaudeventenacminervois.com\/boutique\/produit\/chateau-de-ventenac-rouge-2018-copy\/"},"modified":"2023-04-03T12:12:18","modified_gmt":"2023-04-03T10:12:18","slug":"chateau-de-ventenac-blanc-2020","status":"publish","type":"product","link":"https:\/\/chateaudeventenacminervois.com\/boutique\/produit\/chateau-de-ventenac-blanc-2020\/","title":{"rendered":"Ch\u00e2teau de Ventenac blanc 2021"},"content":{"rendered":"<p>[et_pb_section fb_built=\"1\" _builder_version=\"4.16\" background_color=\"rgba(0,0,0,0)\" background_enable_image=\"off\" background_size=\"initial\" background_position=\"top_center\" background_blend=\"overlay\" custom_padding=\"0px||||false|false\" global_colors_info=\"{}\"][et_pb_row _builder_version=\"4.16\" background_size=\"initial\" background_position=\"top_left\" background_repeat=\"repeat\" width=\"100%\" custom_padding=\"0px||0px||false|false\" global_colors_info=\"{}\"][et_pb_column type=\"4_4\" _builder_version=\"4.16\" custom_padding=\"|||\" global_colors_info=\"{}\" custom_padding__hover=\"|||\"][et_pb_wc_breadcrumb _builder_version=\"4.16\" global_colors_info=\"{}\"][\/et_pb_wc_breadcrumb][et_pb_wc_cart_notice _builder_version=\"4.16\" global_colors_info=\"{}\"][\/et_pb_wc_cart_notice][\/et_pb_column][\/et_pb_row][et_pb_row column_structure=\"1_2,1_2\" _builder_version=\"4.16\" background_enable_image=\"off\" background_size=\"initial\" background_blend=\"overlay\" width=\"100%\" custom_padding=\"0px||||false|false\" global_colors_info=\"{}\"][et_pb_column type=\"1_2\" _builder_version=\"4.16\" background_enable_image=\"off\" background_size=\"contain\" background_blend=\"overlay\" custom_padding=\"|||\" global_colors_info=\"{}\" custom_padding__hover=\"|||\"][et_pb_wc_images _builder_version=\"4.16\" global_colors_info=\"{}\"][\/et_pb_wc_images][\/et_pb_column][et_pb_column type=\"1_2\" _builder_version=\"4.16\" background_enable_image=\"off\" background_size=\"initial\" background_blend=\"color-dodge\" custom_padding=\"|||\" global_colors_info=\"{}\" custom_padding__hover=\"|||\"][et_pb_wc_title _builder_version=\"4.16\" global_colors_info=\"{}\"][\/et_pb_wc_title][et_pb_wc_rating _builder_version=\"4.16\" global_colors_info=\"{}\"][\/et_pb_wc_rating][et_pb_wc_description _builder_version=\"4.16\" global_colors_info=\"{}\"][\/et_pb_wc_description][et_pb_wc_price _builder_version=\"4.16\" global_colors_info=\"{}\"][\/et_pb_wc_price][et_pb_wc_add_to_cart _builder_version=\"4.16\" global_colors_info=\"{}\"][\/et_pb_wc_add_to_cart][et_pb_wc_meta _builder_version=\"4.16\" global_colors_info=\"{}\"][\/et_pb_wc_meta][\/et_pb_column][\/et_pb_row][et_pb_row _builder_version=\"4.16\" background_enable_image=\"off\" background_size=\"initial\" background_repeat=\"repeat\" background_blend=\"overlay\" width=\"100%\" global_colors_info=\"{}\"][et_pb_column type=\"4_4\" _builder_version=\"4.16\" custom_padding=\"|||\" global_colors_info=\"{}\" custom_padding__hover=\"|||\"][et_pb_wc_tabs active_tab_background_color=\"#900000\" inactive_tab_background_color=\"#ebe3e1\" active_tab_text_color=\"#ffffff\" _builder_version=\"4.16\" background_color=\"rgba(0,0,0,0)\" custom_padding=\"||||false|false\" global_colors_info=\"{}\"] [\/et_pb_wc_tabs][et_pb_button button_url=\"https:\/\/chateaudeventenacminervois.com\/boutique\/wp-content\/uploads\/fiche-technique-tradition-AOP-blanc2019.pdf\" url_new_window=\"on\" button_text=\"T\u00e9l\u00e9charger la fiche technique\" button_alignment=\"right\" button_alignment_tablet=\"\" button_alignment_phone=\"center\" button_alignment_last_edited=\"on|desktop\" module_class=\"et-download-button\" _builder_version=\"4.16\" locked=\"off\" global_colors_info=\"{}\"][\/et_pb_button][et_pb_wc_upsells _builder_version=\"4.16\" global_colors_info=\"{}\"][\/et_pb_wc_upsells][et_pb_wc_related_products _builder_version=\"4.16\" title_text_color=\"#900000\" title_font_size=\"24px\" product_title_text_align=\"center\" product_title_font_size=\"18px\" price_text_align=\"center\" background_color=\"#ebe3e1\" custom_margin=\"0px||0px||false|false\" custom_padding=\"30px|10px|30px|10px|true|true\" global_colors_info=\"{}\"][\/et_pb_wc_related_products][\/et_pb_column][\/et_pb_row][\/et_pb_section]<\/p>\n","protected":false},"excerpt":{"rendered":"<p><strong>AOP Minervois<\/strong><\/p>\n<p>Mill\u00e9sime : 2021 - Contenance : 75cl<\/p>\n<p style=\"padding-bottom: 1.8em;\"><strong><img loading=\"lazy\" decoding=\"async\" class=\"bs-svg-bee alignnone\" src=\"https:\/\/chateaudeventenacminervois.com\/boutique\/wp-content\/uploads\/svgAbeille.svg\" alt=\"Conversion Bio\" width=\"35\" height=\"40\" \/>\u00a0 Bio.<\/strong><\/p>\n<p>Un vin typique de l'Appellation d'Origine Prot\u00e9g\u00e9e Minervois.<\/p>\n","protected":false},"featured_media":589,"comment_status":"open","ping_status":"closed","template":"","meta":{"_et_pb_use_builder":"on","_et_pb_old_content":"<strong><img class=\"bs-svg alignnone\" src=\"https:\/\/chateaudeventenacminervois.com\/boutique\/wp-content\/uploads\/svgFeuille.svg\" alt=\"C\u00e9page\" width=\"35\" height=\"35\" \/>C\u00e9pages :<\/strong> Marsanne et Bourboulenc en s\u00e9lection parcellaire BIO.\r\n<h3 class=\"bs-wch3\">D\u00e9gustation<\/h3>\r\n<img class=\"bs-svg alignnone\" src=\"https:\/\/chateaudeventenacminervois.com\/boutique\/wp-content\/uploads\/svgOeil.svg\" alt=\"Robe\" width=\"35\" height=\"35\" \/> Robe or p\u00e2le aux reflets brillants.\r\n\r\n<img class=\"bs-svg alignnone\" src=\"https:\/\/chateaudeventenacminervois.com\/boutique\/wp-content\/uploads\/svgNez.svg\" alt=\"Nez\" width=\"35\" height=\"35\" \/> Nez qui s'envole dans les ar\u00f4mes de garrigue et de fleurs d'oranger.\r\n\r\n<img class=\"bs-svg alignnone\" src=\"https:\/\/chateaudeventenacminervois.com\/boutique\/wp-content\/uploads\/svgBouche.svg\" alt=\"Bouche\" width=\"35\" height=\"35\" \/> Bouche soyeuse \u00e0 la fois chaude et fra\u00eeche o\u00f9 s'\u00e9quilibrent le miel, l'abricot et l'acacia de la Marsanne et les, amertumes l\u00e9g\u00e8res du Bourboulenc. Un vrai \"blanc terroir\".\r\n\r\n<strong>Accord id\u00e9al :<\/strong> \u00e0 partager entre amis en ap\u00e9ritif gourmand, sur des coquillages ou un noble poisson ou encore sur une savoureuse volaille sauce morrilles.\r\nTemp\u00e9rature : Servir frais \u00e0 9\u00b0.\r\n<strong>Garde :<\/strong> \u00e0 boire ou potentiel de 2 \u00e0 3 ans.\r\n<h3 class=\"bs-wch3\">Informations<\/h3>\r\n<strong><img class=\"bs-svg alignnone\" src=\"https:\/\/chateaudeventenacminervois.com\/boutique\/wp-content\/uploads\/svgSol.svg\" alt=\"Terroir\" width=\"35\" height=\"35\" \/>Terroir :<\/strong> sol argilo-calcaire des coteaux ensoleill\u00e9s des \"Serres\" typiques du Minervois.\r\n\r\n<strong><img class=\"bs-svg alignnone\" src=\"https:\/\/chateaudeventenacminervois.com\/boutique\/wp-content\/uploads\/svgSecateur.svg\" alt=\"Viticulture\" width=\"35\" height=\"35\" \/>Viticulture :<\/strong> men\u00e9e en \"agriculture biologique\" pour ces petites parcelles qui sont la propri\u00e9t\u00e9 commune aux adh\u00e9rents de la cave coop\u00e9rative du Ch\u00e2teau de Ventenac.\r\n\r\n<strong><img class=\"bs-svg alignnone\" src=\"https:\/\/chateaudeventenacminervois.com\/boutique\/wp-content\/uploads\/svgCuve.svg\" alt=\"Vinification\" width=\"35\" height=\"35\" \/>Vinification :<\/strong> vendanges m\u00e9caniques la nuit et aux aurores pour pr\u00e9server les qualit\u00e9s aromatiques des raisins. Vinification BIO en ma\u00eetrise des temp\u00e9ratures lors de la fermentation, du pressurage et du d\u00e9bourbage.\r\n\r\n<strong><img class=\"bs-svg alignnone\" src=\"https:\/\/chateaudeventenacminervois.com\/boutique\/wp-content\/uploads\/svgBarique.svg\" alt=\"Elevage\" width=\"35\" height=\"35\" \/>Elevage :<\/strong> \u00e9levage en cuve.\r\n\r\n<strong><img class=\"bs-svg alignnone\" src=\"https:\/\/chateaudeventenacminervois.com\/boutique\/wp-content\/uploads\/svgVerre2.svg\" alt=\"Degr\u00e9\" width=\"35\" height=\"35\" \/>Mill\u00e9sime :<\/strong> 2021\r\n<strong>Degr\u00e9 d'alcool :<\/strong> 13%\r\n\r\n<strong>Contenance :<\/strong> 75 cl\r\n\r\nCuv\u00e9e mise en bouteille au Ch\u00e2teau.","_et_gb_content_width":"","inline_featured_image":false},"product_brand":[],"product_cat":[33,26],"product_tag":[],"class_list":{"0":"post-591","1":"product","2":"type-product","3":"status-publish","4":"has-post-thumbnail","6":"product_cat-100-bio","7":"product_cat-tradition-chateau","9":"first","10":"instock","11":"shipping-taxable","12":"product-type-simple"},"_links":{"self":[{"href":"https:\/\/chateaudeventenacminervois.com\/boutique\/wp-json\/wp\/v2\/product\/591","targetHints":{"allow":["GET"]}}],"collection":[{"href":"https:\/\/chateaudeventenacminervois.com\/boutique\/wp-json\/wp\/v2\/product"}],"about":[{"href":"https:\/\/chateaudeventenacminervois.com\/boutique\/wp-json\/wp\/v2\/types\/product"}],"replies":[{"embeddable":true,"href":"https:\/\/chateaudeventenacminervois.com\/boutique\/wp-json\/wp\/v2\/comments?post=591"}],"wp:featuredmedia":[{"embeddable":true,"href":"https:\/\/chateaudeventenacminervois.com\/boutique\/wp-json\/wp\/v2\/media\/589"}],"wp:attachment":[{"href":"https:\/\/chateaudeventenacminervois.com\/boutique\/wp-json\/wp\/v2\/media?parent=591"}],"wp:term":[{"taxonomy":"product_brand","embeddable":true,"href":"https:\/\/chateaudeventenacminervois.com\/boutique\/wp-json\/wp\/v2\/product_brand?post=591"},{"taxonomy":"product_cat","embeddable":true,"href":"https:\/\/chateaudeventenacminervois.com\/boutique\/wp-json\/wp\/v2\/product_cat?post=591"},{"taxonomy":"product_tag","embeddable":true,"href":"https:\/\/chateaudeventenacminervois.com\/boutique\/wp-json\/wp\/v2\/product_tag?post=591"}],"curies":[{"name":"wp","href":"https:\/\/api.w.org\/{rel}","templated":true}]}}