{"id":656,"date":"2020-05-25T18:30:43","date_gmt":"2020-05-25T16:30:43","guid":{"rendered":"https:\/\/chateaudeventenacminervois.com\/boutique\/produit\/marie-therese-rose-2019-copy\/"},"modified":"2023-07-20T11:27:02","modified_gmt":"2023-07-20T09:27:02","slug":"marie-therese-rouge-2020","status":"publish","type":"product","link":"https:\/\/chateaudeventenacminervois.com\/boutique\/produit\/marie-therese-rouge-2020\/","title":{"rendered":"Marie-Th\u00e9r\u00e8se rouge 2021"},"content":{"rendered":"<p>[et_pb_section fb_built=\"1\" _builder_version=\"4.16\" background_color=\"rgba(0,0,0,0)\" background_enable_image=\"off\" background_size=\"initial\" background_position=\"top_center\" background_blend=\"overlay\" custom_padding=\"0px||||false|false\" global_colors_info=\"{}\"][et_pb_row _builder_version=\"4.16\" background_size=\"initial\" background_position=\"top_left\" background_repeat=\"repeat\" width=\"100%\" custom_padding=\"0px||0px||false|false\" global_colors_info=\"{}\"][et_pb_column type=\"4_4\" _builder_version=\"4.16\" custom_padding=\"|||\" global_colors_info=\"{}\" custom_padding__hover=\"|||\"][et_pb_wc_breadcrumb _builder_version=\"4.16\" global_colors_info=\"{}\"][\/et_pb_wc_breadcrumb][et_pb_wc_cart_notice _builder_version=\"4.16\" global_colors_info=\"{}\"][\/et_pb_wc_cart_notice][\/et_pb_column][\/et_pb_row][et_pb_row column_structure=\"1_2,1_2\" _builder_version=\"4.16\" background_enable_image=\"off\" background_size=\"initial\" background_blend=\"overlay\" width=\"100%\" custom_padding=\"0px||||false|false\" global_colors_info=\"{}\"][et_pb_column type=\"1_2\" _builder_version=\"4.16\" background_enable_image=\"off\" background_size=\"contain\" background_blend=\"overlay\" custom_padding=\"|||\" global_colors_info=\"{}\" custom_padding__hover=\"|||\"][et_pb_wc_images _builder_version=\"4.16\" global_colors_info=\"{}\"][\/et_pb_wc_images][\/et_pb_column][et_pb_column type=\"1_2\" _builder_version=\"4.16\" background_enable_image=\"off\" background_size=\"initial\" background_blend=\"color-dodge\" custom_padding=\"|||\" global_colors_info=\"{}\" custom_padding__hover=\"|||\"][et_pb_wc_title _builder_version=\"4.16\" global_colors_info=\"{}\"][\/et_pb_wc_title][et_pb_wc_rating _builder_version=\"4.16\" global_colors_info=\"{}\"][\/et_pb_wc_rating][et_pb_wc_description _builder_version=\"4.16\" global_colors_info=\"{}\"][\/et_pb_wc_description][et_pb_wc_price _builder_version=\"4.16\" global_colors_info=\"{}\"][\/et_pb_wc_price][et_pb_wc_add_to_cart _builder_version=\"4.16\" global_colors_info=\"{}\"][\/et_pb_wc_add_to_cart][et_pb_wc_meta _builder_version=\"4.16\" global_colors_info=\"{}\"][\/et_pb_wc_meta][\/et_pb_column][\/et_pb_row][et_pb_row _builder_version=\"4.16\" background_enable_image=\"off\" background_size=\"initial\" background_repeat=\"repeat\" background_blend=\"overlay\" width=\"100%\" global_colors_info=\"{}\"][et_pb_column type=\"4_4\" _builder_version=\"4.16\" custom_padding=\"|||\" global_colors_info=\"{}\" custom_padding__hover=\"|||\"][et_pb_wc_tabs active_tab_background_color=\"#900000\" inactive_tab_background_color=\"#ebe3e1\" active_tab_text_color=\"#ffffff\" _builder_version=\"4.16\" background_color=\"rgba(0,0,0,0)\" custom_padding=\"||||false|false\" global_colors_info=\"{}\"] [\/et_pb_wc_tabs][et_pb_button button_url=\"https:\/\/chateaudeventenacminervois.com\/boutique\/wp-content\/uploads\/fiche-technique-Marie-Therese-AOP-rouge2018.pdf\" url_new_window=\"on\" button_text=\"T\u00e9l\u00e9charger la fiche technique\" button_alignment=\"right\" button_alignment_tablet=\"\" button_alignment_phone=\"center\" button_alignment_last_edited=\"on|desktop\" module_class=\"et-download-button\" _builder_version=\"4.16\" locked=\"off\" global_colors_info=\"{}\"][\/et_pb_button][et_pb_wc_upsells _builder_version=\"4.16\" global_colors_info=\"{}\"][\/et_pb_wc_upsells][et_pb_wc_related_products _builder_version=\"4.16\" title_text_color=\"#900000\" title_font_size=\"24px\" product_title_text_align=\"center\" product_title_font_size=\"18px\" price_text_align=\"center\" background_color=\"#ebe3e1\" custom_margin=\"0px||0px||false|false\" custom_padding=\"30px|10px|30px|10px|true|true\" global_colors_info=\"{}\"][\/et_pb_wc_related_products][\/et_pb_column][\/et_pb_row][\/et_pb_section]<\/p>\n","protected":false},"excerpt":{"rendered":"<p><strong>AOP Minervois<\/strong><\/p>\n<p>Mill\u00e9sime : 2021 - Contenance : 75cl<\/p>\n<p style=\"padding-bottom: 1.8em;\"><strong><img loading=\"lazy\" decoding=\"async\" class=\"bs-svg-bee alignnone\" src=\"https:\/\/chateaudeventenacminervois.com\/boutique\/wp-content\/uploads\/svgAbeille.svg\" alt=\"Conversion Bio\" width=\"35\" height=\"40\" \/>\u00a0 Bio.<\/strong><\/p>\n<p>Parce que les vins du Ch\u00e2teau de Ventenac sont bavards de notre histoire, cette cuv\u00e9e sp\u00e9ciale vous emm\u00e8ne sur le canal du Midi pour vous conter la vie captivante de la Marie-Th\u00e9r\u00e8se, derni\u00e8re \"barque de patron\" d'Europe encore en navigation, construite \u00e0 Toulouse en 1855.<\/p>\n","protected":false},"featured_media":661,"comment_status":"open","ping_status":"closed","template":"","meta":{"_et_pb_use_builder":"on","_et_pb_old_content":"<strong><img class=\"bs-svg alignnone\" src=\"https:\/\/chateaudeventenacminervois.com\/boutique\/wp-content\/uploads\/svgFeuille.svg\" alt=\"C\u00e9page\" width=\"35\" height=\"35\" \/>C\u00e9pages :<\/strong> assemblage de Syrah et de Grenache noir de vignes en s\u00e9lection AOP Minervois.\r\n\r\nBIO\r\n<h3 class=\"bs-wch3\">D\u00e9gustation<\/h3>\r\n<img class=\"bs-svg alignnone\" src=\"https:\/\/chateaudeventenacminervois.com\/boutique\/wp-content\/uploads\/svgOeil.svg\" alt=\"Robe\" width=\"35\" height=\"35\" \/> Robe de velours rouge vif et profond.\r\n\r\n<img class=\"bs-svg alignnone\" src=\"https:\/\/chateaudeventenacminervois.com\/boutique\/wp-content\/uploads\/svgNez.svg\" alt=\"Nez\" width=\"35\" height=\"35\" \/> Nez \u00e9pic\u00e9 o\u00f9 la fra\u00eecheur de petits fruits rouges s'exprime dans la chaleur ensoleill\u00e9e des parfums de garrigue et de r\u00e9glisse.\r\n\r\n<img class=\"bs-svg alignnone\" src=\"https:\/\/chateaudeventenacminervois.com\/boutique\/wp-content\/uploads\/svgBouche.svg\" alt=\"Bouche\" width=\"35\" height=\"35\" \/> Bouche ronde et gourmande de m\u00fbres, de cassis et de griottes sur tanins fondus.\r\n\r\n<strong>Accord id\u00e9al :<\/strong> plats mijot\u00e9s, cassoulet, navarin d'agneau, viandes en sauce, gibiers, plateau de fromages affin\u00e9s, desserts \u00e0 la fraise et au chocolat.\r\nTemp\u00e9rature : Servir frais, de 14 ou 16\u00b0 maximum.\r\n<strong>Garde :<\/strong> \u00e0 boire maintenant, potentiel de 2 \u00e0 4 ans.\r\n<h3 class=\"bs-wch3\">Informations<\/h3>\r\n<strong><img class=\"bs-svg alignnone\" src=\"https:\/\/chateaudeventenacminervois.com\/boutique\/wp-content\/uploads\/svgSol.svg\" alt=\"Terroir\" width=\"35\" height=\"35\" \/>Terroir :<\/strong> sol argilo-calcaire et limoneux des \"Serres\" et des piedmonts de la Montagne Noire en Appellation d'Origine Prot\u00e9g\u00e9e Minervois.\r\n\r\n<strong><img class=\"bs-svg alignnone\" src=\"https:\/\/chateaudeventenacminervois.com\/boutique\/wp-content\/uploads\/svgSecateur.svg\" alt=\"Viticulture\" width=\"35\" height=\"35\" \/>Viticulture :<\/strong> agriculture raisonn\u00e9e dans le respect des valeurs environnementales et du terroir.\r\n\r\n<strong><img class=\"bs-svg alignnone\" src=\"https:\/\/chateaudeventenacminervois.com\/boutique\/wp-content\/uploads\/svgCuve.svg\" alt=\"Vinification\" width=\"35\" height=\"35\" \/>Vinification :<\/strong> vendanges m\u00e9caniques. Vinification traditionnelle parcellaire en cuves s\u00e9par\u00e9es. Egrappage et foulage. Ma\u00eetrise permanente des temp\u00e9ratures durant la fermentation alcoolique et des pigeages journaliers au meilleur profit des ar\u00f4mes, de la vivacit\u00e9 et de la couleur de cette cuv\u00e9e sp\u00e9ciale.\r\n\r\n<strong><img class=\"bs-svg alignnone\" src=\"https:\/\/chateaudeventenacminervois.com\/boutique\/wp-content\/uploads\/svgBarique.svg\" alt=\"Elevage\" width=\"35\" height=\"35\" \/>Elevage :<\/strong> \u00e9levage en cuve.\r\n\r\n<strong><img class=\"bs-svg alignnone\" src=\"https:\/\/chateaudeventenacminervois.com\/boutique\/wp-content\/uploads\/svgVerre2.svg\" alt=\"Degr\u00e9\" width=\"35\" height=\"35\" \/>Mill\u00e9sime :<\/strong> 2021\r\n<strong>Degr\u00e9 d'alcool :<\/strong> 13%\r\n\r\n<strong>Contenance :<\/strong> 75 cl\r\n\r\nCuv\u00e9e mise en bouteille au Ch\u00e2teau.","_et_gb_content_width":"","inline_featured_image":false},"product_brand":[],"product_cat":[33,17],"product_tag":[],"class_list":{"0":"post-656","1":"product","2":"type-product","3":"status-publish","4":"has-post-thumbnail","6":"product_cat-100-bio","7":"product_cat-marie-therese","9":"first","10":"instock","11":"shipping-taxable","12":"product-type-simple"},"_links":{"self":[{"href":"https:\/\/chateaudeventenacminervois.com\/boutique\/wp-json\/wp\/v2\/product\/656","targetHints":{"allow":["GET"]}}],"collection":[{"href":"https:\/\/chateaudeventenacminervois.com\/boutique\/wp-json\/wp\/v2\/product"}],"about":[{"href":"https:\/\/chateaudeventenacminervois.com\/boutique\/wp-json\/wp\/v2\/types\/product"}],"replies":[{"embeddable":true,"href":"https:\/\/chateaudeventenacminervois.com\/boutique\/wp-json\/wp\/v2\/comments?post=656"}],"wp:featuredmedia":[{"embeddable":true,"href":"https:\/\/chateaudeventenacminervois.com\/boutique\/wp-json\/wp\/v2\/media\/661"}],"wp:attachment":[{"href":"https:\/\/chateaudeventenacminervois.com\/boutique\/wp-json\/wp\/v2\/media?parent=656"}],"wp:term":[{"taxonomy":"product_brand","embeddable":true,"href":"https:\/\/chateaudeventenacminervois.com\/boutique\/wp-json\/wp\/v2\/product_brand?post=656"},{"taxonomy":"product_cat","embeddable":true,"href":"https:\/\/chateaudeventenacminervois.com\/boutique\/wp-json\/wp\/v2\/product_cat?post=656"},{"taxonomy":"product_tag","embeddable":true,"href":"https:\/\/chateaudeventenacminervois.com\/boutique\/wp-json\/wp\/v2\/product_tag?post=656"}],"curies":[{"name":"wp","href":"https:\/\/api.w.org\/{rel}","templated":true}]}}