{"id":675,"date":"2020-06-02T15:42:30","date_gmt":"2020-06-02T13:42:30","guid":{"rendered":"https:\/\/chateaudeventenacminervois.com\/boutique\/produit\/jus-de-raisin-copy\/"},"modified":"2020-09-16T09:25:06","modified_gmt":"2020-09-16T07:25:06","slug":"vinaigre-balsamique","status":"publish","type":"product","link":"https:\/\/chateaudeventenacminervois.com\/boutique\/produit\/vinaigre-balsamique\/","title":{"rendered":"Vinaigre Balsamique"},"content":{"rendered":"<p>[et_pb_section fb_built=\"1\" _builder_version=\"4.4.5\" background_color=\"rgba(0,0,0,0)\" background_enable_image=\"off\" background_size=\"initial\" background_position=\"top_center\" background_blend=\"overlay\" custom_padding=\"0px||||false|false\"][et_pb_row _builder_version=\"3.25\" background_size=\"initial\" background_position=\"top_left\" background_repeat=\"repeat\" width=\"100%\" custom_padding=\"0px||0px||false|false\"][et_pb_column type=\"4_4\" _builder_version=\"3.25\" custom_padding=\"|||\" custom_padding__hover=\"|||\"][et_pb_wc_breadcrumb _builder_version=\"3.0.47\"][\/et_pb_wc_breadcrumb][et_pb_wc_cart_notice _builder_version=\"3.0.47\"][\/et_pb_wc_cart_notice][\/et_pb_column][\/et_pb_row][et_pb_row column_structure=\"1_2,1_2\" _builder_version=\"4.4.5\" background_enable_image=\"off\" background_size=\"initial\" background_blend=\"overlay\" width=\"100%\" custom_padding=\"0px||||false|false\"][et_pb_column type=\"1_2\" _builder_version=\"4.4.5\" background_enable_image=\"off\" background_size=\"contain\" background_blend=\"overlay\" custom_padding=\"|||\" custom_padding__hover=\"|||\"][et_pb_wc_images _builder_version=\"3.0.47\"][\/et_pb_wc_images][\/et_pb_column][et_pb_column type=\"1_2\" _builder_version=\"4.4.5\" background_enable_image=\"off\" background_size=\"initial\" background_blend=\"color-dodge\" custom_padding=\"|||\" custom_padding__hover=\"|||\"][et_pb_wc_title _builder_version=\"3.0.47\"][\/et_pb_wc_title][et_pb_wc_rating _builder_version=\"3.0.47\"][\/et_pb_wc_rating][et_pb_wc_description _builder_version=\"3.0.47\"][\/et_pb_wc_description][et_pb_wc_price _builder_version=\"3.0.47\"][\/et_pb_wc_price][et_pb_wc_add_to_cart _builder_version=\"3.0.47\"][\/et_pb_wc_add_to_cart][et_pb_wc_meta _builder_version=\"3.0.47\"][\/et_pb_wc_meta][\/et_pb_column][\/et_pb_row][et_pb_row _builder_version=\"4.4.5\" background_enable_image=\"off\" background_size=\"initial\" background_repeat=\"repeat\" background_blend=\"overlay\" width=\"100%\"][et_pb_column type=\"4_4\" _builder_version=\"3.25\" custom_padding=\"|||\" custom_padding__hover=\"|||\"][et_pb_wc_tabs active_tab_background_color=\"#900000\" inactive_tab_background_color=\"#ebe3e1\" active_tab_text_color=\"#ffffff\" _builder_version=\"4.4.7\" background_color=\"rgba(0,0,0,0)\" custom_padding=\"||||false|false\"]\t\t\t\t\t[\/et_pb_wc_tabs][et_pb_button button_url=\"https:\/\/chateaudeventenacminervois.com\/boutique\/wp-content\/uploads\/fiche-technique-simpleexpression-vinaigrebalsamique.pdf\" url_new_window=\"on\" button_text=\"T\u00e9l\u00e9charger la fiche technique\" button_alignment=\"right\" button_alignment_tablet=\"\" button_alignment_phone=\"center\" button_alignment_last_edited=\"on|desktop\" module_class=\"et-download-button\" _builder_version=\"4.4.7\" locked=\"off\"][\/et_pb_button][et_pb_wc_upsells _builder_version=\"4.4.7\"][\/et_pb_wc_upsells][et_pb_wc_related_products _builder_version=\"4.4.6\" title_text_color=\"#900000\" title_font_size=\"24px\" product_title_text_align=\"center\" product_title_font_size=\"18px\" price_text_align=\"center\" background_color=\"#ebe3e1\" custom_margin=\"0px||0px||false|false\" custom_padding=\"30px|10px|30px|10px|true|true\"][\/et_pb_wc_related_products][\/et_pb_column][\/et_pb_row][\/et_pb_section]<\/p>\n","protected":false},"excerpt":{"rendered":"<p><strong>Vinaigre Balsamique du Ch\u00e2teau<\/strong><\/p>\n<p>Contenance : 25cl<\/p>\n<p>Quand se produit la rencontre des savoir-faire et des traditions, doubl\u00e9s de l'amour du terroir, na\u00eet alors la cr\u00e9ation de produits uniques. Et ce vinaigre balsamique fait bien partie de ceux-l\u00e0, issu de la complicit\u00e9 entre la Cave Coop\u00e9rative du Ch\u00e2teau de Ventenac et l'Atelier du Vinaigre Granhota de Coursan.<\/p>\n","protected":false},"featured_media":677,"comment_status":"open","ping_status":"closed","template":"","meta":{"_et_pb_use_builder":"on","_et_pb_old_content":"<strong><img class=\"bs-svg alignnone\" src=\"https:\/\/chateaudeventenacminervois.com\/boutique\/wp-content\/uploads\/svgFeuille.svg\" alt=\"C\u00e9page\" width=\"35\" height=\"35\" \/>C\u00e9pages :<\/strong> Mo\u00fbt frais et vin vieux de Carignan.\r\n<h3 class=\"bs-wch3\">D\u00e9gustation<\/h3>\r\n<img class=\"bs-svg alignnone\" src=\"https:\/\/chateaudeventenacminervois.com\/boutique\/wp-content\/uploads\/svgOeil.svg\" alt=\"Robe\" width=\"35\" height=\"35\" \/> Robe luisante d'un \u00e9b\u00e8ne profond aux reflets d'un marron fonc\u00e9 mordor\u00e9.\r\n\r\n<img class=\"bs-svg alignnone\" src=\"https:\/\/chateaudeventenacminervois.com\/boutique\/wp-content\/uploads\/svgNez.svg\" alt=\"Nez\" width=\"35\" height=\"35\" \/> Nez \"ac\u00e9tique\" caract\u00e9ristique o\u00f9 pointent des parfums de noix et de pruneaux.\r\n\r\n<img class=\"bs-svg alignnone\" src=\"https:\/\/chateaudeventenacminervois.com\/boutique\/wp-content\/uploads\/svgBouche.svg\" alt=\"Bouche\" width=\"35\" height=\"35\" \/> Bouche velout\u00e9e et cr\u00e9meuse, digne de son nom \u00e9voquant le \"baume\", \u00e0 la fois douce et \u00e0 peine acidul\u00e9e, aigre-douce sans \u00eatre acide.\r\n\r\n<strong>Accord id\u00e9al :<\/strong> A l'ap\u00e9ro, pour enrober des billes de melon, de graines de s\u00e9same ; en assaisonnement de carpaccio de b\u0153uf, roquette et parmesan, de tomates fra\u00eeches \u00e0 la mozzarella, au petit ch\u00e8vre ou au parmesan ; sur des filets de poivron confits. Osez-le en dessert avec des fraises ou sur de la glace vanille ou basilique.\r\n<h3 class=\"bs-wch3\">Informations<\/h3>\r\n<strong><img class=\"bs-svg alignnone\" src=\"https:\/\/chateaudeventenacminervois.com\/boutique\/wp-content\/uploads\/svgSol.svg\" alt=\"Terroir\" width=\"35\" height=\"35\" \/>Terroir :<\/strong> sol argilo-calcaire et terres limoneuses de la plaine de l'Aude.\r\n\r\n<strong><img class=\"bs-svg alignnone\" src=\"https:\/\/chateaudeventenacminervois.com\/boutique\/wp-content\/uploads\/svgSecateur.svg\" alt=\"Viticulture\" width=\"35\" height=\"35\" \/>Viticulture :<\/strong> travail raisonn\u00e9e des vignes dans le respect de l'environnement des sols.\r\n\r\n<strong><img class=\"bs-svg alignnone\" src=\"https:\/\/chateaudeventenacminervois.com\/boutique\/wp-content\/uploads\/svgCuve.svg\" alt=\"Vinification\" width=\"35\" height=\"35\" \/>Proc\u00e9d\u00e9 :<\/strong> m\u00e9thode artisanale et ancestrale, produit 100% issu du raisin ; concentration des sucs par plusieurs jours de cuisson lente du mo\u00fbt frais (pur jus non ferment\u00e9). Assemblage final avec du vinaigre de vin vieux de Carignan charpent\u00e9 et haut en degr\u00e9.\r\n\r\n<img class=\"bs-svg alignnone\" src=\"https:\/\/chateaudeventenacminervois.com\/boutique\/wp-content\/uploads\/svgBarique.svg\" alt=\"Elevage\" width=\"35\" height=\"35\" \/> Deux ans en f\u00fbt.\r\n\r\n<strong><img class=\"bs-svg alignnone\" src=\"https:\/\/chateaudeventenacminervois.com\/boutique\/wp-content\/uploads\/svgVerre2.svg\" alt=\"Degr\u00e9\" width=\"35\" height=\"35\" \/>Degr\u00e9 acide ac\u00e9tique :<\/strong> 5\u00b0\r\n\r\n<strong>Contenance :<\/strong> 25 cl","_et_gb_content_width":"","inline_featured_image":false},"product_brand":[],"product_cat":[32],"product_tag":[],"class_list":{"0":"post-675","1":"product","2":"type-product","3":"status-publish","4":"has-post-thumbnail","6":"product_cat-simple-expression","8":"first","9":"instock","10":"shipping-taxable","11":"product-type-simple"},"_links":{"self":[{"href":"https:\/\/chateaudeventenacminervois.com\/boutique\/wp-json\/wp\/v2\/product\/675","targetHints":{"allow":["GET"]}}],"collection":[{"href":"https:\/\/chateaudeventenacminervois.com\/boutique\/wp-json\/wp\/v2\/product"}],"about":[{"href":"https:\/\/chateaudeventenacminervois.com\/boutique\/wp-json\/wp\/v2\/types\/product"}],"replies":[{"embeddable":true,"href":"https:\/\/chateaudeventenacminervois.com\/boutique\/wp-json\/wp\/v2\/comments?post=675"}],"wp:featuredmedia":[{"embeddable":true,"href":"https:\/\/chateaudeventenacminervois.com\/boutique\/wp-json\/wp\/v2\/media\/677"}],"wp:attachment":[{"href":"https:\/\/chateaudeventenacminervois.com\/boutique\/wp-json\/wp\/v2\/media?parent=675"}],"wp:term":[{"taxonomy":"product_brand","embeddable":true,"href":"https:\/\/chateaudeventenacminervois.com\/boutique\/wp-json\/wp\/v2\/product_brand?post=675"},{"taxonomy":"product_cat","embeddable":true,"href":"https:\/\/chateaudeventenacminervois.com\/boutique\/wp-json\/wp\/v2\/product_cat?post=675"},{"taxonomy":"product_tag","embeddable":true,"href":"https:\/\/chateaudeventenacminervois.com\/boutique\/wp-json\/wp\/v2\/product_tag?post=675"}],"curies":[{"name":"wp","href":"https:\/\/api.w.org\/{rel}","templated":true}]}}