{"id":698,"date":"2020-06-05T08:48:42","date_gmt":"2020-06-05T06:48:42","guid":{"rendered":"https:\/\/chateaudeventenacminervois.com\/boutique\/produit\/effervescent-demi-sec-jean-meyer-copy\/"},"modified":"2023-02-17T14:45:58","modified_gmt":"2023-02-17T13:45:58","slug":"effervescent-brut-jean-meyer","status":"publish","type":"product","link":"https:\/\/chateaudeventenacminervois.com\/boutique\/produit\/effervescent-brut-jean-meyer\/","title":{"rendered":"Effervescent brut Jean Meyer"},"content":{"rendered":"<p>[et_pb_section fb_built=\"1\" _builder_version=\"4.16\" background_color=\"rgba(0,0,0,0)\" background_enable_image=\"off\" background_size=\"initial\" background_position=\"top_center\" background_blend=\"overlay\" custom_padding=\"0px||||false|false\" global_colors_info=\"{}\"][et_pb_row _builder_version=\"4.16\" background_size=\"initial\" background_position=\"top_left\" background_repeat=\"repeat\" width=\"100%\" custom_padding=\"0px||0px||false|false\" global_colors_info=\"{}\"][et_pb_column type=\"4_4\" _builder_version=\"4.16\" custom_padding=\"|||\" global_colors_info=\"{}\" custom_padding__hover=\"|||\"][et_pb_wc_breadcrumb _builder_version=\"4.16\" global_colors_info=\"{}\"][\/et_pb_wc_breadcrumb][et_pb_wc_cart_notice _builder_version=\"4.16\" global_colors_info=\"{}\"][\/et_pb_wc_cart_notice][\/et_pb_column][\/et_pb_row][et_pb_row column_structure=\"1_2,1_2\" _builder_version=\"4.16\" background_enable_image=\"off\" background_size=\"initial\" background_blend=\"overlay\" width=\"100%\" custom_padding=\"0px||||false|false\" global_colors_info=\"{}\"][et_pb_column type=\"1_2\" _builder_version=\"4.16\" background_enable_image=\"off\" background_size=\"contain\" background_blend=\"overlay\" custom_padding=\"|||\" global_colors_info=\"{}\" custom_padding__hover=\"|||\"][et_pb_wc_images _builder_version=\"4.16\" global_colors_info=\"{}\"][\/et_pb_wc_images][\/et_pb_column][et_pb_column type=\"1_2\" _builder_version=\"4.16\" background_enable_image=\"off\" background_size=\"initial\" background_blend=\"color-dodge\" custom_padding=\"|||\" global_colors_info=\"{}\" custom_padding__hover=\"|||\"][et_pb_wc_title _builder_version=\"4.16\" global_colors_info=\"{}\"][\/et_pb_wc_title][et_pb_wc_rating _builder_version=\"4.16\" global_colors_info=\"{}\"][\/et_pb_wc_rating][et_pb_wc_description _builder_version=\"4.16\" global_colors_info=\"{}\"][\/et_pb_wc_description][et_pb_wc_price _builder_version=\"4.16\" global_colors_info=\"{}\"][\/et_pb_wc_price][et_pb_wc_add_to_cart _builder_version=\"4.16\" global_colors_info=\"{}\"][\/et_pb_wc_add_to_cart][et_pb_wc_meta _builder_version=\"4.16\" global_colors_info=\"{}\"][\/et_pb_wc_meta][\/et_pb_column][\/et_pb_row][et_pb_row _builder_version=\"4.16\" background_enable_image=\"off\" background_size=\"initial\" background_repeat=\"repeat\" background_blend=\"overlay\" width=\"100%\" global_colors_info=\"{}\"][et_pb_column type=\"4_4\" _builder_version=\"4.16\" custom_padding=\"|||\" global_colors_info=\"{}\" custom_padding__hover=\"|||\"][et_pb_wc_tabs active_tab_background_color=\"#900000\" inactive_tab_background_color=\"#ebe3e1\" active_tab_text_color=\"#ffffff\" _builder_version=\"4.16\" background_color=\"rgba(0,0,0,0)\" custom_padding=\"||||false|false\" global_colors_info=\"{}\"]\t\t\t\t\t[\/et_pb_wc_tabs][et_pb_button button_url=\"https:\/\/chateaudeventenacminervois.com\/boutique\/wp-content\/uploads\/fiche-technique-sortilege-meyer-brut.pdf\" url_new_window=\"on\" button_text=\"T\u00e9l\u00e9charger la fiche technique\" button_alignment=\"right\" button_alignment_tablet=\"\" button_alignment_phone=\"center\" button_alignment_last_edited=\"on|desktop\" module_class=\"et-download-button\" _builder_version=\"4.16\" locked=\"off\" global_colors_info=\"{}\"][\/et_pb_button][et_pb_wc_upsells _builder_version=\"4.16\" global_colors_info=\"{}\"][\/et_pb_wc_upsells][et_pb_wc_related_products _builder_version=\"4.16\" title_text_color=\"#900000\" title_font_size=\"24px\" product_title_text_align=\"center\" product_title_font_size=\"18px\" price_text_align=\"center\" background_color=\"#ebe3e1\" custom_margin=\"0px||0px||false|false\" custom_padding=\"30px|10px|30px|10px|true|true\" global_colors_info=\"{}\"][\/et_pb_wc_related_products][\/et_pb_column][\/et_pb_row][\/et_pb_section]<\/p>\n","protected":false},"excerpt":{"rendered":"<p><strong>Effervescent - Brut<\/strong><\/p>\n<p>Contenance : 75cl<\/p>\n<p>Parce que les vins du Ch\u00e2teau de Ventenac sont bavards de notre histoire, cette cuv\u00e9e sp\u00e9ciale porte le nom de Jean Meyer, un homme hors du commun qui fut le dernier propri\u00e9taire de cette somptueuse cave de vinification avant qu'elle ne devienne coop\u00e9rative en 1938. Esprit curieux et \u00e9clair\u00e9, il la fit prosp\u00e9rer au d\u00e9but du XXe si\u00e8cle en la munissant des derni\u00e8res innovations techniques de l'\u00e9poque.<\/p>\n","protected":false},"featured_media":699,"comment_status":"open","ping_status":"closed","template":"","meta":{"_et_pb_use_builder":"on","_et_pb_old_content":"<strong><img class=\"bs-svg alignnone\" src=\"https:\/\/chateaudeventenacminervois.com\/boutique\/wp-content\/uploads\/svgFeuille.svg\" alt=\"C\u00e9page\" width=\"35\" height=\"35\" \/>C\u00e9pages :<\/strong> 100% Chardonnay.\r\n<h3 class=\"bs-wch3\">D\u00e9gustation<\/h3>\r\n<img class=\"bs-svg alignnone\" src=\"https:\/\/chateaudeventenacminervois.com\/boutique\/wp-content\/uploads\/svgOeil.svg\" alt=\"Robe\" width=\"35\" height=\"35\" \/> Robe \u00e0 la p\u00e2leur brillante et dor\u00e9e parsem\u00e9e de son cordon de fines bulles dynamiques.\r\n\r\n<img class=\"bs-svg alignnone\" src=\"https:\/\/chateaudeventenacminervois.com\/boutique\/wp-content\/uploads\/svgNez.svg\" alt=\"Nez\" width=\"35\" height=\"35\" \/> Nez aux l\u00e9gers ar\u00f4mes de fleurs d'acacia, de noisette, de p\u00eache blanche et d'agrumes.\r\n\r\n<img class=\"bs-svg alignnone\" src=\"https:\/\/chateaudeventenacminervois.com\/boutique\/wp-content\/uploads\/svgBouche.svg\" alt=\"Bouche\" width=\"35\" height=\"35\" \/> Bouche min\u00e9rale \u00e0 la d\u00e9licate amertume, tout en l\u00e9g\u00e8ret\u00e9, a\u00e9rienne... un vrai \"Brut tradition\" !\r\n\r\n<strong>Accord id\u00e9al :<\/strong> de l'ap\u00e9ritif au dessert, en simple plaisir pour la f\u00eate ! Accordez la d\u00e9licatesse des bulles aux amuse-bouches feuillet\u00e9s, au saumon en tartare, marin\u00e9 ou fum\u00e9, aux poissons grill\u00e9s ou en sauce, aux huitres gratin\u00e9es mais aussi aux exp\u00e9riences autour de la truffe et aux desserts tels la p\u00eache poch\u00e9e, le Sabayon ou un sorbet.\r\nTemp\u00e9rature de service : entre 6 et 8\u00b0.\r\n<h3 class=\"bs-wch3\">Informations<\/h3>\r\n<strong><img class=\"bs-svg alignnone\" src=\"https:\/\/chateaudeventenacminervois.com\/boutique\/wp-content\/uploads\/svgSol.svg\" alt=\"Terroir\" width=\"35\" height=\"35\" \/>Terroir :<\/strong> sol argilo-calcaire.\r\n\r\n<strong><img class=\"bs-svg alignnone\" src=\"https:\/\/chateaudeventenacminervois.com\/boutique\/wp-content\/uploads\/svgSecateur.svg\" alt=\"Viticulture\" width=\"35\" height=\"35\" \/>Viticulture :<\/strong> en culture raisonn\u00e9e dans le respect de l'environnement et du terroir.\r\n\r\n<strong><img class=\"bs-svg alignnone\" src=\"https:\/\/chateaudeventenacminervois.com\/boutique\/wp-content\/uploads\/svgCuve.svg\" alt=\"Vinification\" width=\"35\" height=\"35\" \/>Vinification :<\/strong> vendange m\u00e9canique. Affin\u00e9 10 mois \u00e0 13\u00b0 dans de profondes galeries de calcaire. D\u00e9gorgement apr\u00e8s la seconde fermentation alcoolique (prise de mousse), expulsion de la capsule de fermentation et du d\u00e9p\u00f4t gel\u00e9, adjonction de la liqueur d'exp\u00e9dition (vin et sucre), remise \u00e0 niveau avec le vin de la m\u00eame cuv\u00e9e, bouchage en li\u00e8ge et museletage.\r\n\r\n<strong><img class=\"bs-svg alignnone\" src=\"https:\/\/chateaudeventenacminervois.com\/boutique\/wp-content\/uploads\/svgBarique.svg\" alt=\"Elevage\" width=\"35\" height=\"35\" \/>Elevage :<\/strong> \u00e9levage en cuve.\r\n\r\n<strong>Degr\u00e9 d'alcool :<\/strong> 12%\r\n\r\n<strong>Contenance :<\/strong> 75 cl","_et_gb_content_width":"","inline_featured_image":false},"product_brand":[],"product_cat":[29],"product_tag":[],"class_list":{"0":"post-698","1":"product","2":"type-product","3":"status-publish","4":"has-post-thumbnail","6":"product_cat-sortilege","8":"first","9":"instock","10":"shipping-taxable","11":"product-type-simple"},"_links":{"self":[{"href":"https:\/\/chateaudeventenacminervois.com\/boutique\/wp-json\/wp\/v2\/product\/698","targetHints":{"allow":["GET"]}}],"collection":[{"href":"https:\/\/chateaudeventenacminervois.com\/boutique\/wp-json\/wp\/v2\/product"}],"about":[{"href":"https:\/\/chateaudeventenacminervois.com\/boutique\/wp-json\/wp\/v2\/types\/product"}],"replies":[{"embeddable":true,"href":"https:\/\/chateaudeventenacminervois.com\/boutique\/wp-json\/wp\/v2\/comments?post=698"}],"wp:featuredmedia":[{"embeddable":true,"href":"https:\/\/chateaudeventenacminervois.com\/boutique\/wp-json\/wp\/v2\/media\/699"}],"wp:attachment":[{"href":"https:\/\/chateaudeventenacminervois.com\/boutique\/wp-json\/wp\/v2\/media?parent=698"}],"wp:term":[{"taxonomy":"product_brand","embeddable":true,"href":"https:\/\/chateaudeventenacminervois.com\/boutique\/wp-json\/wp\/v2\/product_brand?post=698"},{"taxonomy":"product_cat","embeddable":true,"href":"https:\/\/chateaudeventenacminervois.com\/boutique\/wp-json\/wp\/v2\/product_cat?post=698"},{"taxonomy":"product_tag","embeddable":true,"href":"https:\/\/chateaudeventenacminervois.com\/boutique\/wp-json\/wp\/v2\/product_tag?post=698"}],"curies":[{"name":"wp","href":"https:\/\/api.w.org\/{rel}","templated":true}]}}