{"id":734,"date":"2020-06-10T19:23:19","date_gmt":"2020-06-10T17:23:19","guid":{"rendered":"https:\/\/chateaudeventenacminervois.com\/boutique\/produit\/cuvee-nouvelles-racines-copy\/"},"modified":"2023-02-17T15:22:47","modified_gmt":"2023-02-17T14:22:47","slug":"fontaine-ventenacoise-rose","status":"publish","type":"product","link":"https:\/\/chateaudeventenacminervois.com\/boutique\/produit\/fontaine-ventenacoise-rose\/","title":{"rendered":"Fontaine Ventenacoise ros\u00e9"},"content":{"rendered":"<p>[et_pb_section fb_built=\"1\" _builder_version=\"4.16\" background_color=\"rgba(0,0,0,0)\" background_enable_image=\"off\" background_size=\"initial\" background_position=\"top_center\" background_blend=\"overlay\" custom_padding=\"0px||||false|false\" global_colors_info=\"{}\"][et_pb_row _builder_version=\"4.16\" background_size=\"initial\" background_position=\"top_left\" background_repeat=\"repeat\" width=\"100%\" custom_padding=\"0px||0px||false|false\" global_colors_info=\"{}\"][et_pb_column type=\"4_4\" _builder_version=\"4.16\" custom_padding=\"|||\" global_colors_info=\"{}\" custom_padding__hover=\"|||\"][et_pb_wc_breadcrumb _builder_version=\"4.16\" global_colors_info=\"{}\"][\/et_pb_wc_breadcrumb][et_pb_wc_cart_notice _builder_version=\"4.16\" global_colors_info=\"{}\"][\/et_pb_wc_cart_notice][\/et_pb_column][\/et_pb_row][et_pb_row column_structure=\"1_2,1_2\" _builder_version=\"4.16\" background_enable_image=\"off\" background_size=\"initial\" background_blend=\"overlay\" width=\"100%\" custom_padding=\"0px||||false|false\" global_colors_info=\"{}\"][et_pb_column type=\"1_2\" _builder_version=\"4.16\" background_enable_image=\"off\" background_size=\"contain\" background_blend=\"overlay\" custom_padding=\"|||\" global_colors_info=\"{}\" custom_padding__hover=\"|||\"][et_pb_wc_images _builder_version=\"4.16\" global_colors_info=\"{}\"][\/et_pb_wc_images][\/et_pb_column][et_pb_column type=\"1_2\" _builder_version=\"4.16\" background_enable_image=\"off\" background_size=\"initial\" background_blend=\"color-dodge\" custom_padding=\"|||\" global_colors_info=\"{}\" custom_padding__hover=\"|||\"][et_pb_wc_title _builder_version=\"4.16\" global_colors_info=\"{}\"][\/et_pb_wc_title][et_pb_wc_rating _builder_version=\"4.16\" global_colors_info=\"{}\"][\/et_pb_wc_rating][et_pb_wc_description _builder_version=\"4.16\" global_colors_info=\"{}\"][\/et_pb_wc_description][et_pb_wc_price _builder_version=\"4.16\" global_colors_info=\"{}\"][\/et_pb_wc_price][et_pb_wc_add_to_cart _builder_version=\"4.16\" global_colors_info=\"{}\"][\/et_pb_wc_add_to_cart][et_pb_wc_meta _builder_version=\"4.16\" global_colors_info=\"{}\"][\/et_pb_wc_meta][\/et_pb_column][\/et_pb_row][et_pb_row _builder_version=\"4.16\" background_enable_image=\"off\" background_size=\"initial\" background_repeat=\"repeat\" background_blend=\"overlay\" width=\"100%\" global_colors_info=\"{}\"][et_pb_column type=\"4_4\" _builder_version=\"4.16\" custom_padding=\"|||\" global_colors_info=\"{}\" custom_padding__hover=\"|||\"][et_pb_wc_tabs active_tab_background_color=\"rgba(148,0,0,0.9)\" inactive_tab_background_color=\"#ebe3e1\" active_tab_text_color=\"#ffffff\" include_tabs=\"description||reviews\" _builder_version=\"4.16\" background_color=\"rgba(0,0,0,0)\" custom_padding=\"||||false|false\" global_colors_info=\"{}\"]\t\t\t\t\t[\/et_pb_wc_tabs][et_pb_button button_url=\"https:\/\/chateaudeventenacminervois.com\/boutique\/wp-content\/uploads\/fiche-technique-fontainesventenacoises-BIB5L3L-rose.pdf\" url_new_window=\"on\" button_text=\"T\u00e9l\u00e9charger la fiche technique\" button_alignment=\"right\" button_alignment_tablet=\"\" button_alignment_phone=\"center\" button_alignment_last_edited=\"on|desktop\" module_class=\"et-download-button\" _builder_version=\"4.16\" locked=\"off\" global_colors_info=\"{}\"][\/et_pb_button][et_pb_wc_upsells _builder_version=\"4.16\" title_text_color=\"#900000\" title_font_size=\"24px\" background_color=\"#ebe3e1\" custom_margin=\"0px||0px||true|false\" custom_padding=\"30px|10px|30px|10px|true|true\" global_colors_info=\"{}\"][\/et_pb_wc_upsells][et_pb_wc_related_products _builder_version=\"4.16\" title_text_color=\"#940000\" title_font_size=\"24px\" product_title_text_align=\"center\" product_title_font_size=\"18px\" price_text_align=\"center\" background_color=\"#ebe3e1\" custom_margin=\"0px||0px||false|false\" custom_padding=\"30px|10px|30px|10px|true|true\" global_colors_info=\"{}\"][\/et_pb_wc_related_products][\/et_pb_column][\/et_pb_row][\/et_pb_section]<\/p>\n","protected":false},"excerpt":{"rendered":"<p><strong>Vin de France - Ros\u00e9<\/strong><\/p>\n<p>Mill\u00e9sime : 2022 - Contenance : 5 ou 3L<\/p>\n<p>Un vin \u00e0 partager entre amis, un vin sans pr\u00e9tention mais tellement g\u00e9n\u00e9reux et convivial. Une vraie fontaine de plaisir !<\/p>\n","protected":false},"featured_media":744,"comment_status":"open","ping_status":"closed","template":"","meta":{"_et_pb_use_builder":"on","_et_pb_old_content":"<h3 class=\"bs-wch3\">D\u00e9gustation<\/h3>\r\n<img class=\"bs-svg alignnone\" src=\"https:\/\/chateaudeventenacminervois.com\/boutique\/wp-content\/uploads\/svgOeil.svg\" alt=\"Robe\" width=\"35\" height=\"35\" \/> Robe rose clair, limpide et aux reflets brillants.\r\n\r\n<img class=\"bs-svg alignnone\" src=\"https:\/\/chateaudeventenacminervois.com\/boutique\/wp-content\/uploads\/svgNez.svg\" alt=\"Nez\" width=\"35\" height=\"35\" \/> Nez de fleurs blanches et de fruits rouges o\u00f9 se distingue la framboise.\r\n\r\n<img class=\"bs-svg alignnone\" src=\"https:\/\/chateaudeventenacminervois.com\/boutique\/wp-content\/uploads\/svgBouche.svg\" alt=\"Bouche\" width=\"35\" height=\"35\" \/> Bouche friande et souple, o\u00f9 la vivacit\u00e9 fruit\u00e9e est bien \u00e9quilibr\u00e9e, fra\u00eeche et sans acidit\u00e9.\r\n\r\n<strong>Accord id\u00e9al :<\/strong> compagnon \"magique\" de vos ap\u00e9ros, de vos repas improvis\u00e9s ou familiaux, il sera des v\u00f4tres pour les tapas, les charcuteries, la brandade de morue, le tartare de thon... ou de b\u0153uf ! Mais aussi avec les grillades de poissons, de gambas et de viandes, les plats exotiques, les tajines, les paellas, les tourtes, quiches et autres pizzas.\r\nTemp\u00e9rature : bien frais entre 8 et 10\u00b0.\r\n<strong>Garde :<\/strong> +\/- 3 mois ferm\u00e9 et 4 \u00e0 6 semaines ouvert.\r\n<h3 class=\"bs-wch3\">Informations<\/h3>\r\n<strong><img class=\"bs-svg alignnone\" src=\"https:\/\/chateaudeventenacminervois.com\/boutique\/wp-content\/uploads\/svgSol.svg\" alt=\"Terroir\" width=\"35\" height=\"35\" \/>Terroir :<\/strong> sol argilo-calcaire et limoneux de la plaine de l'Aude.\r\n\r\n<strong><img class=\"bs-svg alignnone\" src=\"https:\/\/chateaudeventenacminervois.com\/boutique\/wp-content\/uploads\/svgSecateur.svg\" alt=\"Viticulture\" width=\"35\" height=\"35\" \/>Viticulture :<\/strong> travail raisonn\u00e9 des vignes dans le respect de l'environnement et des valeurs du terroir dans sa diversit\u00e9.\r\n\r\n<strong><img class=\"bs-svg alignnone\" src=\"https:\/\/chateaudeventenacminervois.com\/boutique\/wp-content\/uploads\/svgCuve.svg\" alt=\"Vinification\" width=\"35\" height=\"35\" \/>Vinification :<\/strong> Vendanges m\u00e9caniques aux aurores en pr\u00e9servant de l'oxydation. Pressurage direct d\u00e8s l'arriv\u00e9e au chai, en douceur pour \u00e9viter les go\u00fbts herbac\u00e9s et l'amertume des p\u00e9pins. D\u00e9bourbage et fermentation de jus clair \u00e0 basse temp\u00e9rature ma\u00eetris\u00e9e \u00e0 +\/- 18\u00b0 durant 10 \u00e0 14 jours.\r\n\r\n<strong><img class=\"bs-svg alignnone\" src=\"https:\/\/chateaudeventenacminervois.com\/boutique\/wp-content\/uploads\/svgBarique.svg\" alt=\"Elevage\" width=\"35\" height=\"35\" \/>Elevage :<\/strong> \u00e9levage en cuve.\r\n\r\n<strong><img class=\"bs-svg alignnone\" src=\"https:\/\/chateaudeventenacminervois.com\/boutique\/wp-content\/uploads\/svgVerre2.svg\" alt=\"Degr\u00e9\" width=\"35\" height=\"35\" \/>Mill\u00e9sime :<\/strong> 2022\r\n<strong>Degr\u00e9 d'alcool :<\/strong> 12%\r\n\r\n<strong>Contenance :<\/strong> 5 ou 3 Litres\r\n\r\nCuv\u00e9e mise en BIB au Ch\u00e2teau.","_et_gb_content_width":"","inline_featured_image":false},"product_brand":[],"product_cat":[31],"product_tag":[],"class_list":{"0":"post-734","1":"product","2":"type-product","3":"status-publish","4":"has-post-thumbnail","6":"product_cat-fontaines-ventenacoises","8":"first","9":"instock","10":"shipping-taxable","11":"product-type-variable"},"_links":{"self":[{"href":"https:\/\/chateaudeventenacminervois.com\/boutique\/wp-json\/wp\/v2\/product\/734","targetHints":{"allow":["GET"]}}],"collection":[{"href":"https:\/\/chateaudeventenacminervois.com\/boutique\/wp-json\/wp\/v2\/product"}],"about":[{"href":"https:\/\/chateaudeventenacminervois.com\/boutique\/wp-json\/wp\/v2\/types\/product"}],"replies":[{"embeddable":true,"href":"https:\/\/chateaudeventenacminervois.com\/boutique\/wp-json\/wp\/v2\/comments?post=734"}],"wp:featuredmedia":[{"embeddable":true,"href":"https:\/\/chateaudeventenacminervois.com\/boutique\/wp-json\/wp\/v2\/media\/744"}],"wp:attachment":[{"href":"https:\/\/chateaudeventenacminervois.com\/boutique\/wp-json\/wp\/v2\/media?parent=734"}],"wp:term":[{"taxonomy":"product_brand","embeddable":true,"href":"https:\/\/chateaudeventenacminervois.com\/boutique\/wp-json\/wp\/v2\/product_brand?post=734"},{"taxonomy":"product_cat","embeddable":true,"href":"https:\/\/chateaudeventenacminervois.com\/boutique\/wp-json\/wp\/v2\/product_cat?post=734"},{"taxonomy":"product_tag","embeddable":true,"href":"https:\/\/chateaudeventenacminervois.com\/boutique\/wp-json\/wp\/v2\/product_tag?post=734"}],"curies":[{"name":"wp","href":"https:\/\/api.w.org\/{rel}","templated":true}]}}