{"id":971,"date":"2020-10-28T10:33:45","date_gmt":"2020-10-28T09:33:45","guid":{"rendered":"https:\/\/chateaudeventenacminervois.com\/boutique\/produit\/chateau-de-ventenac-rouge-2018-copy\/"},"modified":"2023-02-17T15:03:03","modified_gmt":"2023-02-17T14:03:03","slug":"chateau-de-ventenac-rouge-2018-copy","status":"publish","type":"product","link":"https:\/\/chateaudeventenacminervois.com\/boutique\/produit\/chateau-de-ventenac-rouge-2018-copy\/","title":{"rendered":"Magnum Ch\u00e2teau de Ventenac rouge 2018"},"content":{"rendered":"<p>[et_pb_section fb_built=\"1\" _builder_version=\"4.16\" background_color=\"rgba(0,0,0,0)\" background_enable_image=\"off\" background_size=\"initial\" background_position=\"top_center\" background_blend=\"overlay\" custom_padding=\"0px||||false|false\" global_colors_info=\"{}\"][et_pb_row _builder_version=\"4.16\" background_size=\"initial\" background_position=\"top_left\" background_repeat=\"repeat\" width=\"100%\" custom_padding=\"0px||0px||false|false\" global_colors_info=\"{}\"][et_pb_column type=\"4_4\" _builder_version=\"4.16\" custom_padding=\"|||\" global_colors_info=\"{}\" custom_padding__hover=\"|||\"][et_pb_wc_breadcrumb _builder_version=\"4.16\" global_colors_info=\"{}\"][\/et_pb_wc_breadcrumb][et_pb_wc_cart_notice _builder_version=\"4.16\" global_colors_info=\"{}\"][\/et_pb_wc_cart_notice][\/et_pb_column][\/et_pb_row][et_pb_row column_structure=\"1_2,1_2\" _builder_version=\"4.16\" background_enable_image=\"off\" background_size=\"initial\" background_blend=\"overlay\" width=\"100%\" custom_padding=\"0px||||false|false\" global_colors_info=\"{}\"][et_pb_column type=\"1_2\" _builder_version=\"4.16\" background_enable_image=\"off\" background_size=\"contain\" background_blend=\"overlay\" custom_padding=\"|||\" global_colors_info=\"{}\" custom_padding__hover=\"|||\"][et_pb_wc_images _builder_version=\"4.16\" global_colors_info=\"{}\"][\/et_pb_wc_images][\/et_pb_column][et_pb_column type=\"1_2\" _builder_version=\"4.16\" background_enable_image=\"off\" background_size=\"initial\" background_blend=\"color-dodge\" custom_padding=\"|||\" global_colors_info=\"{}\" custom_padding__hover=\"|||\"][et_pb_wc_title _builder_version=\"4.16\" global_colors_info=\"{}\"][\/et_pb_wc_title][et_pb_wc_rating _builder_version=\"4.16\" global_colors_info=\"{}\"][\/et_pb_wc_rating][et_pb_wc_description _builder_version=\"4.16\" global_colors_info=\"{}\"][\/et_pb_wc_description][et_pb_wc_price _builder_version=\"4.16\" global_colors_info=\"{}\"][\/et_pb_wc_price][et_pb_wc_add_to_cart _builder_version=\"4.16\" global_colors_info=\"{}\"][\/et_pb_wc_add_to_cart][et_pb_wc_meta _builder_version=\"4.16\" global_colors_info=\"{}\"][\/et_pb_wc_meta][\/et_pb_column][\/et_pb_row][et_pb_row _builder_version=\"4.16\" background_enable_image=\"off\" background_size=\"initial\" background_repeat=\"repeat\" background_blend=\"overlay\" width=\"100%\" global_colors_info=\"{}\"][et_pb_column type=\"4_4\" _builder_version=\"4.16\" custom_padding=\"|||\" global_colors_info=\"{}\" custom_padding__hover=\"|||\"][et_pb_wc_tabs active_tab_background_color=\"#900000\" inactive_tab_background_color=\"#ebe3e1\" active_tab_text_color=\"#ffffff\" _builder_version=\"4.16\" background_color=\"rgba(0,0,0,0)\" custom_padding=\"||||false|false\" global_colors_info=\"{}\"]\t\t\t\t\t[\/et_pb_wc_tabs][et_pb_button button_url=\"https:\/\/chateaudeventenacminervois.com\/boutique\/wp-content\/uploads\/fiche-technique-tradition-AOP-rouge2018.pdf\" url_new_window=\"on\" button_text=\"T\u00e9l\u00e9charger la fiche technique\" button_alignment=\"right\" button_alignment_tablet=\"\" button_alignment_phone=\"center\" button_alignment_last_edited=\"on|desktop\" module_class=\"et-download-button\" _builder_version=\"4.16\" locked=\"off\" global_colors_info=\"{}\"][\/et_pb_button][et_pb_wc_upsells _builder_version=\"4.16\" global_colors_info=\"{}\"][\/et_pb_wc_upsells][et_pb_wc_related_products _builder_version=\"4.16\" title_text_color=\"#900000\" title_font_size=\"24px\" product_title_text_align=\"center\" product_title_font_size=\"18px\" price_text_align=\"center\" background_color=\"#ebe3e1\" custom_margin=\"0px||0px||false|false\" custom_padding=\"30px|10px|30px|10px|true|true\" global_colors_info=\"{}\"][\/et_pb_wc_related_products][\/et_pb_column][\/et_pb_row][\/et_pb_section]<\/p>\n","protected":false},"excerpt":{"rendered":"<p><strong>Le Magnum AOP Minervois\u00a0<\/strong><\/p>\n<p>Mill\u00e9sime : 2018 - Contenance : 150\u00a0 Cl<\/p>\n<p>Un vin typique de l'Appellation d'Origine Prot\u00e9g\u00e9e Minervois.<\/p>\n","protected":false},"featured_media":537,"comment_status":"open","ping_status":"closed","template":"","meta":{"_et_pb_use_builder":"on","_et_pb_old_content":"<strong><img class=\"bs-svg alignnone\" src=\"https:\/\/chateaudeventenacminervois.com\/boutique\/wp-content\/uploads\/svgFeuille.svg\" alt=\"C\u00e9page\" width=\"35\" height=\"35\" \/>C\u00e9pages :<\/strong> assemblage Syrah et Grenache noir, raisins de parcelles s\u00e9lectionn\u00e9es AOP.\r\n<h3 class=\"bs-wch3\">D\u00e9gustation<\/h3>\r\n<img class=\"bs-svg alignnone\" src=\"https:\/\/chateaudeventenacminervois.com\/boutique\/wp-content\/uploads\/svgOeil.svg\" alt=\"Robe\" width=\"35\" height=\"35\" \/> Robe pourpre aux reflets violac\u00e9s.\r\n\r\n<img class=\"bs-svg alignnone\" src=\"https:\/\/chateaudeventenacminervois.com\/boutique\/wp-content\/uploads\/svgNez.svg\" alt=\"Nez\" width=\"35\" height=\"35\" \/> Nez de fruits rouges domin\u00e9 par le cassis et la g\u00e9n\u00e9reuse cerise burlat, ponctu\u00e9 de subtiles senteurs de sous-bois.\r\n\r\n<img class=\"bs-svg alignnone\" src=\"https:\/\/chateaudeventenacminervois.com\/boutique\/wp-content\/uploads\/svgBouche.svg\" alt=\"Bouche\" width=\"35\" height=\"35\" \/> Bouche soyeuse et ronde aux tanins enrob\u00e9s.\r\n\r\n<strong>Accord id\u00e9al :<\/strong> agneau de la grillade au gigot de 7 heures en passant par le couscous, viandes rouges \u00e0 la braise, cassoulet, coq au vin, fromages.\r\nTemp\u00e9rature : Servir \"frais\" \u00e0 14\u00b0 ou temp\u00e9r\u00e9 \u00e0 18\u00b0.\r\n<strong>Garde :<\/strong> potentiel de 4 \u00e0 6 ans ou \u00e0 boire maintenant.\r\n<h3 class=\"bs-wch3\">Informations<\/h3>\r\n<strong><img class=\"bs-svg alignnone\" src=\"https:\/\/chateaudeventenacminervois.com\/boutique\/wp-content\/uploads\/svgSol.svg\" alt=\"Terroir\" width=\"35\" height=\"35\" \/>Terroir :<\/strong> sol argilo-calcaire des des coteaux de garrigue des \"Serres\" du Minervois expos\u00e9s au Midi et limon des piedmonts de la Montagne Noire.\r\n\r\n<strong><img class=\"bs-svg alignnone\" src=\"https:\/\/chateaudeventenacminervois.com\/boutique\/wp-content\/uploads\/svgSecateur.svg\" alt=\"Viticulture\" width=\"35\" height=\"35\" \/>Viticulture :<\/strong> travail raisonn\u00e9 des vignes dans le respect du terroir et de l'environnement.\r\n\r\n<strong><img class=\"bs-svg alignnone\" src=\"https:\/\/chateaudeventenacminervois.com\/boutique\/wp-content\/uploads\/svgCuve.svg\" alt=\"Vinification\" width=\"35\" height=\"35\" \/>Vinification :<\/strong> classique dans le savoir-faire et la tradition du Ch\u00e2teau de Ventenac et de l'Appellation Minervois prot\u00e9g\u00e9e. Egrappage et foulage, pigeages journaliers avec ma\u00eetrise des temp\u00e9ratures durant la fermentation alcoolique en cuves s\u00e9par\u00e9es pour une vinification parcellaire.\r\n\r\n<strong><img class=\"bs-svg alignnone\" src=\"https:\/\/chateaudeventenacminervois.com\/boutique\/wp-content\/uploads\/svgBarique.svg\" alt=\"Elevage\" width=\"35\" height=\"35\" \/>Elevage :<\/strong> \u00e9levage en cuve.\r\n\r\n<strong><img class=\"bs-svg alignnone\" src=\"https:\/\/chateaudeventenacminervois.com\/boutique\/wp-content\/uploads\/svgVerre2.svg\" alt=\"Degr\u00e9\" width=\"35\" height=\"35\" \/>Mill\u00e9sime :<\/strong> 2018\r\n<strong>Degr\u00e9 d'alcool :<\/strong> 13,5%\r\n\r\n<strong>Contenance :<\/strong> 150 cl\r\n\r\nCuv\u00e9e mise en bouteille au Ch\u00e2teau.","_et_gb_content_width":"","inline_featured_image":false},"product_brand":[],"product_cat":[26,27],"product_tag":[],"class_list":{"0":"post-971","1":"product","2":"type-product","3":"status-publish","4":"has-post-thumbnail","6":"product_cat-tradition-chateau","7":"product_cat-prestige","9":"first","10":"outofstock","11":"shipping-taxable","12":"product-type-simple"},"_links":{"self":[{"href":"https:\/\/chateaudeventenacminervois.com\/boutique\/wp-json\/wp\/v2\/product\/971","targetHints":{"allow":["GET"]}}],"collection":[{"href":"https:\/\/chateaudeventenacminervois.com\/boutique\/wp-json\/wp\/v2\/product"}],"about":[{"href":"https:\/\/chateaudeventenacminervois.com\/boutique\/wp-json\/wp\/v2\/types\/product"}],"replies":[{"embeddable":true,"href":"https:\/\/chateaudeventenacminervois.com\/boutique\/wp-json\/wp\/v2\/comments?post=971"}],"wp:featuredmedia":[{"embeddable":true,"href":"https:\/\/chateaudeventenacminervois.com\/boutique\/wp-json\/wp\/v2\/media\/537"}],"wp:attachment":[{"href":"https:\/\/chateaudeventenacminervois.com\/boutique\/wp-json\/wp\/v2\/media?parent=971"}],"wp:term":[{"taxonomy":"product_brand","embeddable":true,"href":"https:\/\/chateaudeventenacminervois.com\/boutique\/wp-json\/wp\/v2\/product_brand?post=971"},{"taxonomy":"product_cat","embeddable":true,"href":"https:\/\/chateaudeventenacminervois.com\/boutique\/wp-json\/wp\/v2\/product_cat?post=971"},{"taxonomy":"product_tag","embeddable":true,"href":"https:\/\/chateaudeventenacminervois.com\/boutique\/wp-json\/wp\/v2\/product_tag?post=971"}],"curies":[{"name":"wp","href":"https:\/\/api.w.org\/{rel}","templated":true}]}}